{"id":56,"date":"2023-07-07T16:30:55","date_gmt":"2023-07-07T16:30:55","guid":{"rendered":"https:\/\/studiopilatesib.ca\/?page_id=56"},"modified":"2025-07-10T22:04:16","modified_gmt":"2025-07-11T02:04:16","slug":"contact","status":"publish","type":"page","link":"https:\/\/studiopilatesib.ca\/fr\/contact\/","title":{"rendered":"Contact"},"content":{"rendered":"<p><div class=\"fusion-fullwidth fullwidth-box fusion-builder-row-1 fusion-flex-container video-background has-pattern-background has-mask-background nonhundred-percent-fullwidth non-hundred-percent-height-scrolling\" style=\"--awb-border-radius-top-left:0px;--awb-border-radius-top-right:0px;--awb-border-radius-bottom-right:0px;--awb-border-radius-bottom-left:0px;--awb-padding-top:150px;--awb-padding-bottom:150px;--awb-padding-top-small:100px;--awb-padding-bottom-small:100px;--awb-background-image:linear-gradient(180deg, hsla(var(--awb-color3-h),var(--awb-color3-s),var(--awb-color3-l),calc(var(--awb-color3-a) - 10%)) 0%,hsla(var(--awb-color3-h),var(--awb-color3-s),var(--awb-color3-l),calc(var(--awb-color3-a) - 10%)) 100%);--awb-flex-wrap:wrap;\" ><div class=\"fullwidth-video\"><video preload=\"auto\" autoplay playsinline loop muted><source src=\"https:\/\/studiopilatesib.ca\/wp-content\/uploads\/2025\/07\/IMG_4251.mov\" type=\"video\/mp4\"><\/video><\/div><div class=\"fullwidth-overlay\" style=\"background-image: linear-gradient(180deg, hsla(var(--awb-color3-h),var(--awb-color3-s),var(--awb-color3-l),calc(var(--awb-color3-a) - 10%)) 0%,hsla(var(--awb-color3-h),var(--awb-color3-s),var(--awb-color3-l),calc(var(--awb-color3-a) - 10%)) 100%);\"><\/div><div class=\"fusion-builder-row fusion-row fusion-flex-align-items-flex-start fusion-flex-content-wrap\" style=\"max-width:1248px;margin-left: calc(-4% \/ 2 );margin-right: calc(-4% \/ 2 );\"><div class=\"fusion-layout-column fusion_builder_column fusion-builder-column-0 fusion_builder_column_1_1 1_1 fusion-flex-column fusion-animated\" style=\"--awb-bg-size:cover;--awb-width-large:100%;--awb-margin-top-large:0px;--awb-spacing-right-large:1.92%;--awb-margin-bottom-large:0px;--awb-spacing-left-large:1.92%;--awb-width-medium:100%;--awb-order-medium:0;--awb-spacing-right-medium:1.92%;--awb-spacing-left-medium:1.92%;--awb-width-small:100%;--awb-order-small:0;--awb-spacing-right-small:1.92%;--awb-spacing-left-small:1.92%;\" data-animationtype=\"fadeInUp\" data-animationduration=\"1.3\" data-animationoffset=\"top-into-view\"><div class=\"fusion-column-wrapper fusion-column-has-shadow fusion-flex-justify-content-flex-start fusion-content-layout-column\"><div class=\"fusion-title title fusion-title-1 fusion-no-small-visibility fusion-sep-none fusion-title-center fusion-title-text fusion-title-size-one\" style=\"--awb-margin-top:0px;--awb-margin-bottom:10px;--awb-margin-top-small:10px;--awb-margin-right-small:0px;--awb-margin-bottom-small:10px;--awb-margin-left-small:0px;\"><h1 class=\"fusion-title-heading title-heading-center\" style=\"margin:0;\">Contact<\/h1><\/div><div class=\"fusion-title title fusion-title-2 fusion-no-medium-visibility fusion-no-large-visibility fusion-sep-none fusion-title-center fusion-title-text fusion-title-size-one\" style=\"--awb-margin-top:0px;--awb-margin-bottom:10px;--awb-margin-top-small:10px;--awb-margin-right-small:0px;--awb-margin-bottom-small:10px;--awb-margin-left-small:0px;--awb-font-size:50px;\"><h1 class=\"fusion-title-heading title-heading-center\" style=\"margin:0;font-size:1em;\">Contact<\/h1><\/div><div class=\"fusion-title title fusion-title-3 fusion-sep-none fusion-title-center fusion-title-text fusion-title-size-two\" style=\"--awb-text-color:var(--awb-color8);--awb-margin-bottom:0px;--awb-margin-top-small:10px;--awb-margin-right-small:0px;--awb-margin-bottom-small:10px;--awb-margin-left-small:0px;--awb-font-size:var(--awb-typography2-font-size);\"><h2 class=\"fusion-title-heading title-heading-center\" style=\"font-family:var(--awb-typography2-font-family);font-weight:var(--awb-typography2-font-weight);font-style:var(--awb-typography2-font-style);margin:0;letter-spacing:var(--awb-typography2-letter-spacing);text-transform:var(--awb-typography2-text-transform);font-size:1em;line-height:var(--awb-typography2-line-height);\"><h2 class=\"fusion-title-heading title-heading-center fusion-responsive-typography-calculated\" data-fontsize=\"20\" data-lineheight=\"26px\">Que votre objectif soit de tonifier, d'accro\u00eetre votre flexibilit\u00e9 ou d'am\u00e9liorer votre posture, nous avons un cours adapt\u00e9 \u00e0 vos besoins<\/h2><\/h2><\/div><\/div><\/div><\/div><\/div><div class=\"fusion-fullwidth fullwidth-box fusion-builder-row-2 fusion-flex-container has-pattern-background has-mask-background nonhundred-percent-fullwidth non-hundred-percent-height-scrolling\" style=\"--awb-border-radius-top-left:0px;--awb-border-radius-top-right:0px;--awb-border-radius-bottom-right:0px;--awb-border-radius-bottom-left:0px;--awb-margin-top:100px;--awb-min-height:300px;--awb-flex-wrap:wrap;\" ><div class=\"fusion-builder-row fusion-row fusion-flex-align-items-flex-start fusion-flex-content-wrap\" style=\"max-width:1248px;margin-left: calc(-4% \/ 2 );margin-right: calc(-4% \/ 2 );\"><div class=\"fusion-layout-column fusion_builder_column fusion-builder-column-1 fusion_builder_column_1_3 1_3 fusion-flex-column\" style=\"--awb-bg-size:cover;--awb-width-large:33.333333333333%;--awb-margin-top-large:0px;--awb-spacing-right-large:5.76%;--awb-margin-bottom-large:20px;--awb-spacing-left-large:5.76%;--awb-width-medium:33.333333333333%;--awb-order-medium:0;--awb-spacing-right-medium:5.76%;--awb-spacing-left-medium:5.76%;--awb-width-small:100%;--awb-order-small:0;--awb-spacing-right-small:1.92%;--awb-spacing-left-small:1.92%;\" data-scroll-devices=\"small-visibility,medium-visibility,large-visibility\"><div class=\"fusion-column-wrapper fusion-column-has-shadow fusion-flex-justify-content-flex-start fusion-content-layout-column\"><div class=\"fusion-title title fusion-title-4 fusion-sep-none fusion-title-text fusion-title-size-four\" style=\"--awb-margin-top-small:10px;--awb-margin-right-small:0px;--awb-margin-bottom-small:10px;--awb-margin-left-small:0px;\"><h4 class=\"fusion-title-heading title-heading-left\" style=\"margin:0;\">D\u00e9couvrez Studio Pilates IB<\/h4><\/div><div class=\"fusion-text fusion-text-1\"><p>Un studio unique dans le nord-ouest de Montr\u00e9al<\/p>\n<\/div><div class=\"fusion-text fusion-text-2\" style=\"--awb-font-size:13px;--awb-line-height:22px;--awb-text-font-family:&quot;Montserrat&quot;;--awb-text-font-style:normal;--awb-text-font-weight:400;\"><p>\u00cele-Bizard, Qc H9C 2P7<\/p>\n<p>studiopilatesib@icloud.com<br \/>\nCall us: (1) 514 831 7871<\/p>\n<\/div><\/div><\/div><div class=\"fusion-layout-column fusion_builder_column fusion-builder-column-2 fusion_builder_column_2_3 2_3 fusion-flex-column fusion-column-inner-bg-wrapper\" style=\"--awb-padding-top:0px;--awb-padding-right:0px;--awb-padding-bottom:0px;--awb-padding-left:0px;--awb-overflow:hidden;--awb-inner-bg-size:cover;--awb-width-large:66.666666666667%;--awb-margin-top-large:0px;--awb-spacing-right-large:0px;--awb-margin-bottom-large:0px;--awb-spacing-left-large:0px;--awb-width-medium:66.666666666667%;--awb-order-medium:0;--awb-spacing-right-medium:0px;--awb-spacing-left-medium:0px;--awb-width-small:100%;--awb-order-small:0;--awb-spacing-right-small:1.92%;--awb-spacing-left-small:1.92%;\" data-scroll-devices=\"small-visibility,medium-visibility,large-visibility\"><span class=\"fusion-column-inner-bg hover-type-zoomin\"><span class=\"fusion-column-anchor\"><span class=\"fusion-column-inner-bg-image lazyload\" data-bg=\"https:\/\/studiopilatesib.ca\/wp-content\/uploads\/2024\/07\/MAP.png\"><\/span><\/span><\/span><div class=\"fusion-column-wrapper fusion-column-has-shadow fusion-flex-justify-content-flex-start fusion-content-layout-block fusion-column-has-bg-image\" data-bg-url=\"https:\/\/studiopilatesib.ca\/wp-content\/uploads\/2024\/07\/MAP.png\"><div class=\"fusion-separator fusion-full-width-sep\" style=\"align-self: center;margin-left: auto;margin-right: auto;margin-top:200px;margin-bottom:200px;width:100%;\"><\/div><\/div><\/div><\/div><\/div><div class=\"fusion-fullwidth fullwidth-box fusion-builder-row-3 fusion-flex-container has-pattern-background has-mask-background nonhundred-percent-fullwidth non-hundred-percent-height-scrolling\" style=\"--awb-border-color:hsla(var(--awb-color8-h),var(--awb-color8-s),var(--awb-color8-l),calc(var(--awb-color8-a) - 95%));--awb-border-radius-top-left:0px;--awb-border-radius-top-right:0px;--awb-border-radius-bottom-right:0px;--awb-border-radius-bottom-left:0px;--awb-padding-top:125px;--awb-padding-bottom:125px;--awb-padding-top-medium:90px;--awb-padding-bottom-medium:90px;--awb-padding-top-small:0px;--awb-padding-bottom-small:80px;--awb-margin-bottom:0px;--awb-margin-bottom-medium:90px;--awb-margin-bottom-small:0px;--awb-flex-wrap:wrap;\" ><div class=\"fusion-builder-row fusion-row fusion-flex-align-items-flex-start fusion-flex-content-wrap\" style=\"max-width:calc( 1200px + 70px );margin-left: calc(-70px \/ 2 );margin-right: calc(-70px \/ 2 );\"><div class=\"fusion-layout-column fusion_builder_column fusion-builder-column-3 fusion_builder_column_1_3 1_3 fusion-flex-column fusion-animated\" style=\"--awb-bg-size:cover;--awb-width-large:33.333333333333%;--awb-margin-top-large:0px;--awb-spacing-right-large:35px;--awb-margin-bottom-large:0px;--awb-spacing-left-large:35px;--awb-width-medium:33.333333333333%;--awb-order-medium:0;--awb-spacing-right-medium:35px;--awb-spacing-left-medium:35px;--awb-width-small:100%;--awb-order-small:0;--awb-spacing-right-small:35px;--awb-margin-bottom-small:60px;--awb-spacing-left-small:35px;\" data-animationtype=\"fadeInUp\" data-animationduration=\"1.3\" data-animationdelay=\"0.3\" data-animationoffset=\"top-into-view\"><div class=\"fusion-column-wrapper fusion-column-has-shadow fusion-flex-justify-content-flex-start fusion-content-layout-column\"><div class=\"fusion-image-element\" style=\"--awb-aspect-ratio: 100 \/ 66;--awb-margin-bottom:20px;--awb-caption-title-font-family:var(--h2_typography-font-family);--awb-caption-title-font-weight:var(--h2_typography-font-weight);--awb-caption-title-font-style:var(--h2_typography-font-style);--awb-caption-title-size:var(--h2_typography-font-size);--awb-caption-title-transform:var(--h2_typography-text-transform);--awb-caption-title-line-height:var(--h2_typography-line-height);--awb-caption-title-letter-spacing:var(--h2_typography-letter-spacing);\"><span class=\"fusion-imageframe imageframe-none imageframe-1 hover-type-none has-aspect-ratio\"><img decoding=\"async\" width=\"1463\" height=\"2048\" title=\"Studio Pilates IB-web-46\" src=\"https:\/\/studiopilatesib.ca\/wp-content\/uploads\/2025\/07\/Studio-Pilates-IB-web-46.jpg\" data-orig-src=\"https:\/\/studiopilatesib.ca\/wp-content\/uploads\/2025\/07\/Studio-Pilates-IB-web-46.jpg\" class=\"lazyload img-responsive wp-image-1386 img-with-aspect-ratio\" data-parent-fit=\"cover\" data-parent-container=\".fusion-image-element\" alt srcset=\"data:image\/svg+xml,%3Csvg%20xmlns%3D%27http%3A%2F%2Fwww.w3.org%2F2000%2Fsvg%27%20width%3D%271463%27%20height%3D%272048%27%20viewBox%3D%270%200%201463%202048%27%3E%3Crect%20width%3D%271463%27%20height%3D%272048%27%20fill-opacity%3D%220%22%2F%3E%3C%2Fsvg%3E\" data-srcset=\"https:\/\/studiopilatesib.ca\/wp-content\/uploads\/2025\/07\/Studio-Pilates-IB-web-46-200x280.jpg 200w, https:\/\/studiopilatesib.ca\/wp-content\/uploads\/2025\/07\/Studio-Pilates-IB-web-46-400x560.jpg 400w, https:\/\/studiopilatesib.ca\/wp-content\/uploads\/2025\/07\/Studio-Pilates-IB-web-46-600x840.jpg 600w, https:\/\/studiopilatesib.ca\/wp-content\/uploads\/2025\/07\/Studio-Pilates-IB-web-46-800x1120.jpg 800w, https:\/\/studiopilatesib.ca\/wp-content\/uploads\/2025\/07\/Studio-Pilates-IB-web-46-1200x1680.jpg 1200w, https:\/\/studiopilatesib.ca\/wp-content\/uploads\/2025\/07\/Studio-Pilates-IB-web-46.jpg 1463w\" data-sizes=\"auto\" data-orig-sizes=\"(max-width: 900px) 100vw, 400px\" \/><\/span><\/div><div class=\"fusion-title title fusion-title-5 fusion-sep-none fusion-title-text fusion-title-size-five\" style=\"--awb-margin-top-small:10px;--awb-margin-right-small:0px;--awb-margin-bottom-small:10px;--awb-margin-left-small:0px;\"><h5 class=\"fusion-title-heading title-heading-left\" style=\"margin:0;\">Inspirer et motiver nos \u00e9l\u00e8ves gr\u00e2ce au mouvement<\/h5><\/div><div class=\"fusion-text fusion-text-3 fusion-text-no-margin\" style=\"--awb-margin-bottom:0px;\"><p>Nous croyons que le Pilates est une forme d'art et de bien-\u00eatre qui peut enrichir votre vie.<\/p>\n<\/div><\/div><\/div><div class=\"fusion-layout-column fusion_builder_column fusion-builder-column-4 fusion_builder_column_1_3 1_3 fusion-flex-column fusion-animated\" style=\"--awb-bg-size:cover;--awb-width-large:33.333333333333%;--awb-margin-top-large:0px;--awb-spacing-right-large:35px;--awb-margin-bottom-large:0px;--awb-spacing-left-large:35px;--awb-width-medium:33.333333333333%;--awb-order-medium:0;--awb-spacing-right-medium:35px;--awb-spacing-left-medium:35px;--awb-width-small:100%;--awb-order-small:0;--awb-spacing-right-small:35px;--awb-margin-bottom-small:60px;--awb-spacing-left-small:35px;\" data-animationtype=\"fadeInUp\" data-animationduration=\"1.3\" data-animationdelay=\"0.6\" data-animationoffset=\"top-into-view\"><div class=\"fusion-column-wrapper fusion-column-has-shadow fusion-flex-justify-content-flex-start fusion-content-layout-column\"><div class=\"fusion-image-element\" style=\"--awb-aspect-ratio: 100 \/ 66;--awb-margin-bottom:20px;--awb-caption-title-font-family:var(--h2_typography-font-family);--awb-caption-title-font-weight:var(--h2_typography-font-weight);--awb-caption-title-font-style:var(--h2_typography-font-style);--awb-caption-title-size:var(--h2_typography-font-size);--awb-caption-title-transform:var(--h2_typography-text-transform);--awb-caption-title-line-height:var(--h2_typography-line-height);--awb-caption-title-letter-spacing:var(--h2_typography-letter-spacing);\"><span class=\"fusion-imageframe imageframe-none imageframe-2 hover-type-none has-aspect-ratio\"><img decoding=\"async\" width=\"1463\" height=\"2048\" title=\"Studio Pilates IB-web-26\" src=\"https:\/\/studiopilatesib.ca\/wp-content\/uploads\/2025\/07\/Studio-Pilates-IB-web-26.jpg\" data-orig-src=\"https:\/\/studiopilatesib.ca\/wp-content\/uploads\/2025\/07\/Studio-Pilates-IB-web-26.jpg\" class=\"lazyload img-responsive wp-image-1366 img-with-aspect-ratio\" data-parent-fit=\"cover\" data-parent-container=\".fusion-image-element\" alt srcset=\"data:image\/svg+xml,%3Csvg%20xmlns%3D%27http%3A%2F%2Fwww.w3.org%2F2000%2Fsvg%27%20width%3D%271463%27%20height%3D%272048%27%20viewBox%3D%270%200%201463%202048%27%3E%3Crect%20width%3D%271463%27%20height%3D%272048%27%20fill-opacity%3D%220%22%2F%3E%3C%2Fsvg%3E\" data-srcset=\"https:\/\/studiopilatesib.ca\/wp-content\/uploads\/2025\/07\/Studio-Pilates-IB-web-26-200x280.jpg 200w, https:\/\/studiopilatesib.ca\/wp-content\/uploads\/2025\/07\/Studio-Pilates-IB-web-26-400x560.jpg 400w, https:\/\/studiopilatesib.ca\/wp-content\/uploads\/2025\/07\/Studio-Pilates-IB-web-26-600x840.jpg 600w, https:\/\/studiopilatesib.ca\/wp-content\/uploads\/2025\/07\/Studio-Pilates-IB-web-26-800x1120.jpg 800w, https:\/\/studiopilatesib.ca\/wp-content\/uploads\/2025\/07\/Studio-Pilates-IB-web-26-1200x1680.jpg 1200w, https:\/\/studiopilatesib.ca\/wp-content\/uploads\/2025\/07\/Studio-Pilates-IB-web-26.jpg 1463w\" data-sizes=\"auto\" data-orig-sizes=\"(max-width: 900px) 100vw, 400px\" \/><\/span><\/div><div class=\"fusion-title title fusion-title-6 fusion-sep-none fusion-title-text fusion-title-size-five\" style=\"--awb-margin-top-small:10px;--awb-margin-right-small:0px;--awb-margin-bottom-small:10px;--awb-margin-left-small:0px;\"><h5 class=\"fusion-title-heading title-heading-left\" style=\"margin:0;\">Faites connaissance avec nos instructeurs exp\u00e9riment\u00e9s et passionn\u00e9s<\/h5><\/div><div class=\"fusion-text fusion-text-4 fusion-text-no-margin\" style=\"--awb-margin-bottom:0px;\"><p>Nos instructeurs sont form\u00e9s \u00e0 la m\u00e9thode Merrithew\u00ae STOTT PILATES\u00ae.<\/p>\n<\/div><\/div><\/div><div class=\"fusion-layout-column fusion_builder_column fusion-builder-column-5 fusion_builder_column_1_3 1_3 fusion-flex-column fusion-animated\" style=\"--awb-bg-size:cover;--awb-width-large:33.333333333333%;--awb-margin-top-large:0px;--awb-spacing-right-large:35px;--awb-margin-bottom-large:0px;--awb-spacing-left-large:35px;--awb-width-medium:33.333333333333%;--awb-order-medium:0;--awb-spacing-right-medium:35px;--awb-spacing-left-medium:35px;--awb-width-small:100%;--awb-order-small:0;--awb-spacing-right-small:35px;--awb-spacing-left-small:35px;\" data-animationtype=\"fadeInUp\" data-animationduration=\"1.3\" data-animationdelay=\"0.9\" data-animationoffset=\"top-into-view\"><div class=\"fusion-column-wrapper fusion-column-has-shadow fusion-flex-justify-content-flex-start fusion-content-layout-column\"><div class=\"fusion-image-element\" style=\"--awb-aspect-ratio: 100 \/ 66;--awb-margin-bottom:20px;--awb-caption-title-font-family:var(--h2_typography-font-family);--awb-caption-title-font-weight:var(--h2_typography-font-weight);--awb-caption-title-font-style:var(--h2_typography-font-style);--awb-caption-title-size:var(--h2_typography-font-size);--awb-caption-title-transform:var(--h2_typography-text-transform);--awb-caption-title-line-height:var(--h2_typography-line-height);--awb-caption-title-letter-spacing:var(--h2_typography-letter-spacing);\"><span class=\"fusion-imageframe imageframe-none imageframe-3 hover-type-none has-aspect-ratio\"><img decoding=\"async\" width=\"2048\" height=\"1463\" title=\"Studio Pilates IB-web-5\" src=\"https:\/\/studiopilatesib.ca\/wp-content\/uploads\/2025\/07\/Studio-Pilates-IB-web-5.jpg\" data-orig-src=\"https:\/\/studiopilatesib.ca\/wp-content\/uploads\/2025\/07\/Studio-Pilates-IB-web-5.jpg\" class=\"lazyload img-responsive wp-image-1345 img-with-aspect-ratio\" data-parent-fit=\"cover\" data-parent-container=\".fusion-image-element\" alt srcset=\"data:image\/svg+xml,%3Csvg%20xmlns%3D%27http%3A%2F%2Fwww.w3.org%2F2000%2Fsvg%27%20width%3D%272048%27%20height%3D%271463%27%20viewBox%3D%270%200%202048%201463%27%3E%3Crect%20width%3D%272048%27%20height%3D%271463%27%20fill-opacity%3D%220%22%2F%3E%3C%2Fsvg%3E\" data-srcset=\"https:\/\/studiopilatesib.ca\/wp-content\/uploads\/2025\/07\/Studio-Pilates-IB-web-5-200x143.jpg 200w, https:\/\/studiopilatesib.ca\/wp-content\/uploads\/2025\/07\/Studio-Pilates-IB-web-5-400x286.jpg 400w, https:\/\/studiopilatesib.ca\/wp-content\/uploads\/2025\/07\/Studio-Pilates-IB-web-5-600x429.jpg 600w, https:\/\/studiopilatesib.ca\/wp-content\/uploads\/2025\/07\/Studio-Pilates-IB-web-5-800x571.jpg 800w, https:\/\/studiopilatesib.ca\/wp-content\/uploads\/2025\/07\/Studio-Pilates-IB-web-5-1200x857.jpg 1200w, https:\/\/studiopilatesib.ca\/wp-content\/uploads\/2025\/07\/Studio-Pilates-IB-web-5.jpg 2048w\" data-sizes=\"auto\" data-orig-sizes=\"(max-width: 900px) 100vw, 400px\" \/><\/span><\/div><div class=\"fusion-title title fusion-title-7 fusion-sep-none fusion-title-text fusion-title-size-five\" style=\"--awb-margin-top-small:10px;--awb-margin-right-small:0px;--awb-margin-bottom-small:10px;--awb-margin-left-small:0px;\"><h5 class=\"fusion-title-heading title-heading-left\" style=\"margin:0;\">Profitez de nos installations modernes, spacieuses et parfaitement \u00e9quip\u00e9es<\/h5><\/div><div class=\"fusion-text fusion-text-5 fusion-text-no-margin\" style=\"--awb-margin-bottom:0px;\"><p>Nos installations sont con\u00e7ues pour offrir la meilleure exp\u00e9rience d'apprentissage pour nos \u00e9l\u00e8ves.<\/p>\n<\/div><\/div><\/div><\/div><\/div><\/p>","protected":false},"excerpt":{"rendered":"","protected":false},"author":1,"featured_media":0,"parent":0,"menu_order":6,"comment_status":"closed","ping_status":"closed","template":"100-width.php","meta":{"_acf_changed":false,"footnotes":""},"class_list":["post-56","page","type-page","status-publish","hentry"],"acf":[],"_links":{"self":[{"href":"https:\/\/studiopilatesib.ca\/fr\/wp-json\/wp\/v2\/pages\/56","targetHints":{"allow":["GET"]}}],"collection":[{"href":"https:\/\/studiopilatesib.ca\/fr\/wp-json\/wp\/v2\/pages"}],"about":[{"href":"https:\/\/studiopilatesib.ca\/fr\/wp-json\/wp\/v2\/types\/page"}],"author":[{"embeddable":true,"href":"https:\/\/studiopilatesib.ca\/fr\/wp-json\/wp\/v2\/users\/1"}],"replies":[{"embeddable":true,"href":"https:\/\/studiopilatesib.ca\/fr\/wp-json\/wp\/v2\/comments?post=56"}],"version-history":[{"count":45,"href":"https:\/\/studiopilatesib.ca\/fr\/wp-json\/wp\/v2\/pages\/56\/revisions"}],"predecessor-version":[{"id":1447,"href":"https:\/\/studiopilatesib.ca\/fr\/wp-json\/wp\/v2\/pages\/56\/revisions\/1447"}],"wp:attachment":[{"href":"https:\/\/studiopilatesib.ca\/fr\/wp-json\/wp\/v2\/media?parent=56"}],"curies":[{"name":"wp","href":"https:\/\/api.w.org\/{rel}","templated":true}]}}